{"id":4903,"date":"2026-01-26T18:12:40","date_gmt":"2026-01-26T17:12:40","guid":{"rendered":"https:\/\/w123-club-service.de\/w123\/?post_type=product&#038;p=4903"},"modified":"2026-03-29T13:22:55","modified_gmt":"2026-03-29T11:22:55","slug":"schlossfalle-tuer-rechts","status":"publish","type":"product","link":"https:\/\/w123-club-service.de\/w123\/shop\/allgemein\/restbestand\/schlossfalle-tuer-rechts\/","title":{"rendered":"Schlo\u00dffalle T\u00fcr rechts"},"content":{"rendered":"<p>Schlo\u00dffalle T\u00fcr rechts &#8211; W\/S123<\/p>\n<p>Nachbau, sehr gute Qualit\u00e4t<\/p>\n<p>Mercedes A123 720 02 04<\/p>\n<p>Nur f\u00fcr Mitglieder.<\/p>\n<p>Preis f\u00fcr Club-Mitglieder:\u00a0 19,04 \u20ac<\/p>\n","protected":false},"excerpt":{"rendered":"<p>Schlo\u00dffalle T\u00fcr rechts &#8211; W\/S123<\/p>\n<p>Art.-Nr. 9100018<\/p>\n<p>Preis f\u00fcr Club-Mitglieder: 19,04 \u20ac<\/p>\n","protected":false},"featured_media":4904,"template":"","meta":{"rank_math_lock_modified_date":false,"iawp_total_views":2},"product_cat":[215],"product_tag":[259,260],"class_list":{"0":"post-4903","1":"product","2":"type-product","3":"status-publish","6":"product_cat-restbestand","7":"product_tag-schlossfalle","8":"product_tag-tuer","10":"first","11":"outofstock","12":"taxable","13":"shipping-taxable","14":"purchasable","15":"product-type-simple"},"_links":{"self":[{"href":"https:\/\/w123-club-service.de\/w123\/wp-json\/wp\/v2\/product\/4903","targetHints":{"allow":["GET"]}}],"collection":[{"href":"https:\/\/w123-club-service.de\/w123\/wp-json\/wp\/v2\/product"}],"about":[{"href":"https:\/\/w123-club-service.de\/w123\/wp-json\/wp\/v2\/types\/product"}],"wp:featuredmedia":[{"embeddable":true,"href":"https:\/\/w123-club-service.de\/w123\/wp-json\/wp\/v2\/media\/4904"}],"wp:attachment":[{"href":"https:\/\/w123-club-service.de\/w123\/wp-json\/wp\/v2\/media?parent=4903"}],"wp:term":[{"taxonomy":"product_cat","embeddable":true,"href":"https:\/\/w123-club-service.de\/w123\/wp-json\/wp\/v2\/product_cat?post=4903"},{"taxonomy":"product_tag","embeddable":true,"href":"https:\/\/w123-club-service.de\/w123\/wp-json\/wp\/v2\/product_tag?post=4903"}],"curies":[{"name":"wp","href":"https:\/\/api.w.org\/{rel}","templated":true}]}}