{"id":4892,"date":"2026-01-26T17:51:56","date_gmt":"2026-01-26T16:51:56","guid":{"rendered":"https:\/\/w123-club-service.de\/w123\/?post_type=product&#038;p=4892"},"modified":"2026-01-26T18:00:18","modified_gmt":"2026-01-26T17:00:18","slug":"oelwannendichtung","status":"publish","type":"product","link":"https:\/\/w123-club-service.de\/w123\/shop\/allgemein\/restbestand\/oelwannendichtung\/","title":{"rendered":"\u00d6lwannendichtung"},"content":{"rendered":"<p>\u00d6lwannendichtung f\u00fcr Automatikgetriebe.<\/p>\n<p>Mercedes A123 271 02 80 \/ A124 271 04 80<\/p>\n<p><img decoding=\"async\" class=\"size-full wp-image-4893 alignleft\" src=\"https:\/\/w123-club-service.de\/w123\/wp-content\/uploads\/2026\/01\/mercedesliste.jpg\" alt=\"mercedesliste\" width=\"262\" height=\"145\" \/><\/p>\n<p>&nbsp;<\/p>\n<p>&nbsp;<\/p>\n<p>&nbsp;<\/p>\n<p>&nbsp;<\/p>\n<p>&nbsp;<\/p>\n<p>Nur f\u00fcr Mitglieder.<\/p>\n<p>Preis f\u00fcr Club-Mitglieder:\u00a0 14,28 \u20ac<\/p>\n","protected":false},"excerpt":{"rendered":"<p>\u00d6lwannendichtung f\u00fcr Automatikgetriebe.<\/p>\n<p>Art.-Nr. 9100015<\/p>\n<p>Preis f\u00fcr Club-Mitglieder: 14,28 \u20ac<\/p>\n","protected":false},"featured_media":4895,"template":"","meta":{"rank_math_lock_modified_date":false,"iawp_total_views":1},"product_cat":[215],"product_tag":[189,258],"class_list":{"0":"post-4892","1":"product","2":"type-product","3":"status-publish","6":"product_cat-restbestand","7":"product_tag-dichtung","8":"product_tag-oel","10":"first","11":"instock","12":"taxable","13":"shipping-taxable","14":"purchasable","15":"product-type-simple"},"_links":{"self":[{"href":"https:\/\/w123-club-service.de\/w123\/wp-json\/wp\/v2\/product\/4892","targetHints":{"allow":["GET"]}}],"collection":[{"href":"https:\/\/w123-club-service.de\/w123\/wp-json\/wp\/v2\/product"}],"about":[{"href":"https:\/\/w123-club-service.de\/w123\/wp-json\/wp\/v2\/types\/product"}],"wp:featuredmedia":[{"embeddable":true,"href":"https:\/\/w123-club-service.de\/w123\/wp-json\/wp\/v2\/media\/4895"}],"wp:attachment":[{"href":"https:\/\/w123-club-service.de\/w123\/wp-json\/wp\/v2\/media?parent=4892"}],"wp:term":[{"taxonomy":"product_cat","embeddable":true,"href":"https:\/\/w123-club-service.de\/w123\/wp-json\/wp\/v2\/product_cat?post=4892"},{"taxonomy":"product_tag","embeddable":true,"href":"https:\/\/w123-club-service.de\/w123\/wp-json\/wp\/v2\/product_tag?post=4892"}],"curies":[{"name":"wp","href":"https:\/\/api.w.org\/{rel}","templated":true}]}}