{"id":4489,"date":"2024-10-30T18:04:38","date_gmt":"2024-10-30T17:04:38","guid":{"rendered":"https:\/\/w123-club-service.de\/w123\/?post_type=product&#038;p=4489"},"modified":"2025-02-10T20:34:43","modified_gmt":"2025-02-10T19:34:43","slug":"wartungsheft-diesel-w123-original","status":"publish","type":"product","link":"https:\/\/w123-club-service.de\/w123\/shop\/w123\/wartungsheft-diesel-w123-original\/","title":{"rendered":"Wartungsheft Diesel W123 original"},"content":{"rendered":"<div class=\"elementToProof\">Wartungsheft Dieselmotor: g\u00fcltig f\u00fcr alle Diesel einschlie\u00dflich Turbodiesel.<\/div>\n<div class=\"elementToProof\">A 123 584 89 93<\/div>\n<div class=\"elementToProof\">Originale, neu unbenutzt.<\/div>\n<div class=\"elementToProof\"><\/div>\n<div class=\"elementToProof\">Bei Mercedes nicht mehr lieferbar, Restbestand, Lagerware.<\/div>\n<div class=\"elementToProof\">Wegen geringer Mengen <strong>nur f\u00fcr Mitglieder<\/strong><\/div>\n<p>Preis f\u00fcr Club-Mitglieder:\u00a0 27,82 \u20ac<\/p>\n","protected":false},"excerpt":{"rendered":"<p>Wartungsheft Diesel W123 original<\/p>\n<p>Art.-Nr. 1000050<\/p>\n<p>Preis f\u00fcr Club-Mitglieder: 27,82 \u20ac<\/p>\n","protected":false},"featured_media":4491,"template":"","meta":{"rank_math_lock_modified_date":false,"iawp_total_views":27},"product_cat":[173,174,175],"product_tag":[247],"class_list":{"0":"post-4489","1":"product","2":"type-product","3":"status-publish","6":"product_cat-w123","7":"product_cat-c123","8":"product_cat-s123","9":"product_tag-wartung","11":"first","12":"outofstock","13":"taxable","14":"shipping-taxable","15":"purchasable","16":"product-type-simple"},"_links":{"self":[{"href":"https:\/\/w123-club-service.de\/w123\/wp-json\/wp\/v2\/product\/4489","targetHints":{"allow":["GET"]}}],"collection":[{"href":"https:\/\/w123-club-service.de\/w123\/wp-json\/wp\/v2\/product"}],"about":[{"href":"https:\/\/w123-club-service.de\/w123\/wp-json\/wp\/v2\/types\/product"}],"wp:featuredmedia":[{"embeddable":true,"href":"https:\/\/w123-club-service.de\/w123\/wp-json\/wp\/v2\/media\/4491"}],"wp:attachment":[{"href":"https:\/\/w123-club-service.de\/w123\/wp-json\/wp\/v2\/media?parent=4489"}],"wp:term":[{"taxonomy":"product_cat","embeddable":true,"href":"https:\/\/w123-club-service.de\/w123\/wp-json\/wp\/v2\/product_cat?post=4489"},{"taxonomy":"product_tag","embeddable":true,"href":"https:\/\/w123-club-service.de\/w123\/wp-json\/wp\/v2\/product_tag?post=4489"}],"curies":[{"name":"wp","href":"https:\/\/api.w.org\/{rel}","templated":true}]}}