{"id":4404,"date":"2024-09-24T17:33:59","date_gmt":"2024-09-24T15:33:59","guid":{"rendered":"https:\/\/w123-club-service.de\/w123\/?post_type=product&#038;p=4404"},"modified":"2024-09-24T17:35:55","modified_gmt":"2024-09-24T15:35:55","slug":"damen-pashmina-schal-grau-mit-handgearbeitetem-logo","status":"publish","type":"product","link":"https:\/\/w123-club-service.de\/w123\/shop\/allgemein\/kleidung\/damen-pashmina-schal-grau-mit-handgearbeitetem-logo\/","title":{"rendered":"Damen Pashmina-Schal (grau) mit handgearbeitetem Logo"},"content":{"rendered":"<p><strong>F\u00fcr die Damen des Clubs: T\u00fcrkischer Pashmina-Schal\u00a0 mit handgearbeitetem Logo.<\/strong><\/p>\n<p>&#8220;Pashmina&#8221; bezieht sich auf einen feinen und luxuri\u00f6sen Schal, der aus der Wolle der Pashmina-Ziege gewonnen wird, die in den Himalaya-Regionen beheimatet ist. Der Begriff wird oft verwendet, um hochwertige Schals und T\u00fccher zu beschreiben, die aus dieser besonders weichen und warmen Wolle hergestellt werden. Pashmina-Schals sind f\u00fcr ihre Leichtigkeit, Weichheit und ihre F\u00e4higkeit, W\u00e4rme zu spenden, bekannt.<\/p>\n<p>Gr\u00f6\u00dfe: 65 cm x 170 cm<\/p>\n<p>Farbe: Grau mit schwarzem Logo<\/p>\n<p>Einzelpreis f\u00fcr Club-Mitglieder: 30,50 \u20ac<\/p>\n<p>Einzelpreis f\u00fcr Nicht-Mitglieder: 36,50 \u20ac<\/p>\n","protected":false},"excerpt":{"rendered":"<p><em>Preis f\u00fcr Club-Mitglieder: 30,50 \u20ac<br \/>\n<\/em><\/p>\n<p><strong>F\u00fcr die Damen des Clubs: T\u00fcrkischer Pashmina-Schal\u00a0 (grau) mit handgearbeitetem Logo.<\/strong><\/p>\n","protected":false},"featured_media":4405,"template":"","meta":{"rank_math_lock_modified_date":false,"iawp_total_views":16},"product_cat":[182],"product_tag":[243,226],"class_list":{"0":"post-4404","1":"product","2":"type-product","3":"status-publish","6":"product_cat-kleidung","7":"product_tag-damen-tuch","8":"product_tag-kleidung","10":"first","11":"instock","12":"taxable","13":"shipping-taxable","14":"purchasable","15":"product-type-simple"},"_links":{"self":[{"href":"https:\/\/w123-club-service.de\/w123\/wp-json\/wp\/v2\/product\/4404","targetHints":{"allow":["GET"]}}],"collection":[{"href":"https:\/\/w123-club-service.de\/w123\/wp-json\/wp\/v2\/product"}],"about":[{"href":"https:\/\/w123-club-service.de\/w123\/wp-json\/wp\/v2\/types\/product"}],"wp:featuredmedia":[{"embeddable":true,"href":"https:\/\/w123-club-service.de\/w123\/wp-json\/wp\/v2\/media\/4405"}],"wp:attachment":[{"href":"https:\/\/w123-club-service.de\/w123\/wp-json\/wp\/v2\/media?parent=4404"}],"wp:term":[{"taxonomy":"product_cat","embeddable":true,"href":"https:\/\/w123-club-service.de\/w123\/wp-json\/wp\/v2\/product_cat?post=4404"},{"taxonomy":"product_tag","embeddable":true,"href":"https:\/\/w123-club-service.de\/w123\/wp-json\/wp\/v2\/product_tag?post=4404"}],"curies":[{"name":"wp","href":"https:\/\/api.w.org\/{rel}","templated":true}]}}