{"id":3315,"date":"2023-06-27T21:59:40","date_gmt":"2023-06-27T19:59:40","guid":{"rendered":"https:\/\/w123-club-service.de\/w123\/?post_type=product&#038;p=3315"},"modified":"2023-06-27T22:04:20","modified_gmt":"2023-06-27T20:04:20","slug":"kuehlerluefter","status":"publish","type":"product","link":"https:\/\/w123-club-service.de\/w123\/shop\/allgemein\/restbestand\/kuehlerluefter\/","title":{"rendered":"K\u00fchlerl\u00fcfter W123 Diesel 4-Zylinder"},"content":{"rendered":"<p>K\u00fchlerl\u00fcfter W123 Diesel 4-Zylinder (nicht 5-Zylinder!)<\/p>\n<p>Nachbau.<\/p>\n<p>Neu, unbenutzt.<\/p>\n<p>Mercedes-Nr. A115 205 04 06<\/p>\n<p>Preis f\u00fcr Club-Mitglieder: 25,-\u20ac<\/p>\n","protected":false},"excerpt":{"rendered":"<p>K\u00fchlerl\u00fcfter W123 Diesel 4-Zylinder (nicht 5-Zylinder!)<\/p>\n<p>Art.-Nr. 9100007<\/p>\n<p>Preis f\u00fcr Club-Mitglieder: 25,-\u20ac<\/p>\n","protected":false},"featured_media":3316,"template":"","meta":{"rank_math_lock_modified_date":false,"iawp_total_views":18},"product_cat":[215],"product_tag":[238],"class_list":{"0":"post-3315","1":"product","2":"type-product","3":"status-publish","6":"product_cat-restbestand","7":"product_tag-luefter","9":"first","10":"instock","11":"taxable","12":"shipping-taxable","13":"purchasable","14":"product-type-simple"},"_links":{"self":[{"href":"https:\/\/w123-club-service.de\/w123\/wp-json\/wp\/v2\/product\/3315","targetHints":{"allow":["GET"]}}],"collection":[{"href":"https:\/\/w123-club-service.de\/w123\/wp-json\/wp\/v2\/product"}],"about":[{"href":"https:\/\/w123-club-service.de\/w123\/wp-json\/wp\/v2\/types\/product"}],"wp:featuredmedia":[{"embeddable":true,"href":"https:\/\/w123-club-service.de\/w123\/wp-json\/wp\/v2\/media\/3316"}],"wp:attachment":[{"href":"https:\/\/w123-club-service.de\/w123\/wp-json\/wp\/v2\/media?parent=3315"}],"wp:term":[{"taxonomy":"product_cat","embeddable":true,"href":"https:\/\/w123-club-service.de\/w123\/wp-json\/wp\/v2\/product_cat?post=3315"},{"taxonomy":"product_tag","embeddable":true,"href":"https:\/\/w123-club-service.de\/w123\/wp-json\/wp\/v2\/product_tag?post=3315"}],"curies":[{"name":"wp","href":"https:\/\/api.w.org\/{rel}","templated":true}]}}