{"id":2642,"date":"2023-03-28T20:49:38","date_gmt":"2023-03-28T18:49:38","guid":{"rendered":"https:\/\/w123-club-service.de\/w123\/?post_type=product&#038;p=2642"},"modified":"2025-11-21T20:44:37","modified_gmt":"2025-11-21T19:44:37","slug":"zv-tuellen","status":"publish","type":"product","link":"https:\/\/w123-club-service.de\/w123\/shop\/w123\/zv-tuellen\/","title":{"rendered":"ZV-T\u00fcllen als Reparaturl\u00f6sung f\u00fcr das ZV-Element"},"content":{"rendered":"<p>ZV-T\u00fcllen als Reparaturl\u00f6sung f\u00fcr das ZV-Element<br \/>\nNachfertigung exklusiv bei uns.<br \/>\nVergleichbare Mercedes ET-Nummer: A 123 800 2375<br \/>\nBei Mercedes NML.<br \/>\nArt.-Nr. 3000022<br \/>\nEinzelpreis f\u00fcr Club-Mitglieder: 7,38 \u20ac<br \/>\nEinzelpreis f\u00fcr Nicht-Mitglieder: 10,12 \u20ac<\/p>\n","protected":false},"excerpt":{"rendered":"<p><em>Preis f\u00fcr Club-Mitgieder: 7,38 \u20ac<\/em><\/p>\n<p>ZV-T\u00fcllen als Reparaturl\u00f6sung f\u00fcr das ZV-Element<br \/>\nNachfertigung exklusiv bei uns.<br \/>\nVergleichbare Mercedes ET-Nummer: A 123 800 2375<br \/>\nBei Mercedes NML.<\/p>\n","protected":false},"featured_media":2643,"template":"","meta":{"rank_math_lock_modified_date":false,"iawp_total_views":645},"product_cat":[174,175,173],"product_tag":[209],"class_list":{"0":"post-2642","1":"product","2":"type-product","3":"status-publish","6":"product_cat-c123","7":"product_cat-s123","8":"product_cat-w123","9":"product_tag-zv","11":"first","12":"instock","13":"taxable","14":"shipping-taxable","15":"purchasable","16":"product-type-simple"},"_links":{"self":[{"href":"https:\/\/w123-club-service.de\/w123\/wp-json\/wp\/v2\/product\/2642","targetHints":{"allow":["GET"]}}],"collection":[{"href":"https:\/\/w123-club-service.de\/w123\/wp-json\/wp\/v2\/product"}],"about":[{"href":"https:\/\/w123-club-service.de\/w123\/wp-json\/wp\/v2\/types\/product"}],"wp:featuredmedia":[{"embeddable":true,"href":"https:\/\/w123-club-service.de\/w123\/wp-json\/wp\/v2\/media\/2643"}],"wp:attachment":[{"href":"https:\/\/w123-club-service.de\/w123\/wp-json\/wp\/v2\/media?parent=2642"}],"wp:term":[{"taxonomy":"product_cat","embeddable":true,"href":"https:\/\/w123-club-service.de\/w123\/wp-json\/wp\/v2\/product_cat?post=2642"},{"taxonomy":"product_tag","embeddable":true,"href":"https:\/\/w123-club-service.de\/w123\/wp-json\/wp\/v2\/product_tag?post=2642"}],"curies":[{"name":"wp","href":"https:\/\/api.w.org\/{rel}","templated":true}]}}