{"id":2638,"date":"2023-03-28T20:40:48","date_gmt":"2023-03-28T18:40:48","guid":{"rendered":"https:\/\/w123-club-service.de\/w123\/?post_type=product&#038;p=2638"},"modified":"2023-06-20T19:13:48","modified_gmt":"2023-06-20T17:13:48","slug":"zierstab-vorderkotfluegel-unten-li","status":"publish","type":"product","link":"https:\/\/w123-club-service.de\/w123\/shop\/w123\/zierstab-vorderkotfluegel-unten-li\/","title":{"rendered":"Zierstab Vorderkotfl\u00fcgel unten li"},"content":{"rendered":"<div>Zierstab Vorderkotfl\u00fcgel unten li<\/div>\n<div><\/div>\n<div>Abschlu\u00df zum Schweller gem\u00e4\u00df Ausf\u00fchrung ab MOPF 1<br \/>\nentspricht A 123 690 39 80 (bei Mercedes NML).<\/div>\n<div>Es handelt sich um qualitativ hochwertigen Nachbau.<\/div>\n<div>Im Netz sind noch billigere Angebote aber minderwertig.<\/div>\n<div><\/div>\n<div>Clipse sind nicht\u00a0 enthalten &#8211; Bitte wieder verwenden oder erneuern!<\/div>\n<div>Versand: bei mehreren Eink\u00e4ufen Versandkosten anfragen und sparen!<\/div>\n<p>Preis f\u00fcr Club-Mitglieder: 47,90 \u20ac \/Stk<br \/>\nPreis f\u00fcr Nichtmitglieder:\u00a0 65,45 \u20ac \/Stk<\/p>\n","protected":false},"excerpt":{"rendered":"<p>Zierstab Vorderkotfl\u00fcgel unten li<\/p>\n<p>Art.-Nr. 3400010<\/p>\n<p>Preis f\u00fcr Club-Mitglieder: 47,90 \u20ac \/St<\/p>\n","protected":false},"featured_media":2639,"template":"","meta":{"rank_math_lock_modified_date":false,"iawp_total_views":21},"product_cat":[174,175,173],"product_tag":[208],"class_list":{"0":"post-2638","1":"product","2":"type-product","3":"status-publish","6":"product_cat-c123","7":"product_cat-s123","8":"product_cat-w123","9":"product_tag-zierstab","11":"first","12":"instock","13":"taxable","14":"shipping-taxable","15":"purchasable","16":"product-type-simple"},"_links":{"self":[{"href":"https:\/\/w123-club-service.de\/w123\/wp-json\/wp\/v2\/product\/2638","targetHints":{"allow":["GET"]}}],"collection":[{"href":"https:\/\/w123-club-service.de\/w123\/wp-json\/wp\/v2\/product"}],"about":[{"href":"https:\/\/w123-club-service.de\/w123\/wp-json\/wp\/v2\/types\/product"}],"wp:featuredmedia":[{"embeddable":true,"href":"https:\/\/w123-club-service.de\/w123\/wp-json\/wp\/v2\/media\/2639"}],"wp:attachment":[{"href":"https:\/\/w123-club-service.de\/w123\/wp-json\/wp\/v2\/media?parent=2638"}],"wp:term":[{"taxonomy":"product_cat","embeddable":true,"href":"https:\/\/w123-club-service.de\/w123\/wp-json\/wp\/v2\/product_cat?post=2638"},{"taxonomy":"product_tag","embeddable":true,"href":"https:\/\/w123-club-service.de\/w123\/wp-json\/wp\/v2\/product_tag?post=2638"}],"curies":[{"name":"wp","href":"https:\/\/api.w.org\/{rel}","templated":true}]}}