{"id":2526,"date":"2023-03-26T15:41:21","date_gmt":"2023-03-26T13:41:21","guid":{"rendered":"https:\/\/w123-club-service.de\/w123\/?post_type=product&#038;p=2526"},"modified":"2025-11-21T20:49:20","modified_gmt":"2025-11-21T19:49:20","slug":"oeleinfuelldeckel","status":"publish","type":"product","link":"https:\/\/w123-club-service.de\/w123\/shop\/w123\/oeleinfuelldeckel\/","title":{"rendered":"Oeleinf\u00fclldeckel"},"content":{"rendered":"<p>Oeleinf\u00fclldeckel, ideal f\u00fcr die Dieselmotoren und &#8220;Wei\u00dfkopfmotoren&#8221;.<br \/>\nInkl. Dichtung,\u00a0 verzinkt.<\/p>\n<p>Es sind leichte Ziehspuren erkennbar.<\/p>\n<p>Art.-Nr. 3000037<\/p>\n<p>Vergleichbare Mercedes- ETD Nr.: A 000 010 1485<br \/>\nEinzelpreis f\u00fcr Club-Mitglieder: 11,90 \u20ac<\/p>\n<p>Einzelpreis f\u00fcr Nicht-Mitglieder: 13,00 \u20ac<\/p>\n","protected":false},"excerpt":{"rendered":"<p><em>Preis f\u00fcr Club-Mitglieder: 11,90 \u20ac<\/em><\/p>\n<p>Oeleinf\u00fclldeckel, ideal f\u00fcr die Dieselmotoren und &#8220;Wei\u00dfkopfmotoren&#8221;.<\/p>\n<p>Vergleichbare Mercedes- ETD Nr.: A 000 010 1485<\/p>\n","protected":false},"featured_media":2527,"template":"","meta":{"rank_math_lock_modified_date":false,"iawp_total_views":75},"product_cat":[174,175,173],"product_tag":[200],"class_list":{"0":"post-2526","1":"product","2":"type-product","3":"status-publish","6":"product_cat-c123","7":"product_cat-s123","8":"product_cat-w123","9":"product_tag-deckel","11":"first","12":"instock","13":"taxable","14":"shipping-taxable","15":"purchasable","16":"product-type-simple"},"_links":{"self":[{"href":"https:\/\/w123-club-service.de\/w123\/wp-json\/wp\/v2\/product\/2526","targetHints":{"allow":["GET"]}}],"collection":[{"href":"https:\/\/w123-club-service.de\/w123\/wp-json\/wp\/v2\/product"}],"about":[{"href":"https:\/\/w123-club-service.de\/w123\/wp-json\/wp\/v2\/types\/product"}],"wp:featuredmedia":[{"embeddable":true,"href":"https:\/\/w123-club-service.de\/w123\/wp-json\/wp\/v2\/media\/2527"}],"wp:attachment":[{"href":"https:\/\/w123-club-service.de\/w123\/wp-json\/wp\/v2\/media?parent=2526"}],"wp:term":[{"taxonomy":"product_cat","embeddable":true,"href":"https:\/\/w123-club-service.de\/w123\/wp-json\/wp\/v2\/product_cat?post=2526"},{"taxonomy":"product_tag","embeddable":true,"href":"https:\/\/w123-club-service.de\/w123\/wp-json\/wp\/v2\/product_tag?post=2526"}],"curies":[{"name":"wp","href":"https:\/\/api.w.org\/{rel}","templated":true}]}}