{"id":2453,"date":"2023-03-22T12:45:44","date_gmt":"2023-03-22T11:45:44","guid":{"rendered":"https:\/\/w123-club-service.de\/w123\/?post_type=product&#038;p=2453"},"modified":"2026-02-06T15:54:45","modified_gmt":"2026-02-06T14:54:45","slug":"abdichtschiene-coupe-links","status":"publish","type":"product","link":"https:\/\/w123-club-service.de\/w123\/shop\/allgemein\/restbestand\/abdichtschiene-coupe-links\/","title":{"rendered":"Abdichtschiene Coupe links"},"content":{"rendered":"<p>Abdichtschiene Coupe links<\/p>\n<p>Vergleichbar zu Mercedes Nr. A123 670 09 38<\/p>\n<p>Abdichtung f\u00fcr das Coupe f\u00fcr die Seitenscheibe.<br \/>\nProfil mit Formteil, beflockt, einbaufertig.<br \/>\nVom W 123 Club im Einbau gepr\u00fcft.<\/p>\n<p><span style=\"color: #ff0000;\">Einzelst\u00fcck mit Oberfl\u00e4chenm\u00e4ngeln<\/span><\/p>\n<p>Preis f\u00fcr Club-Mitglieder: 40,00 \u20ac<br \/>\nPreis f\u00fcr Nichtmitglieder: 45,00 \u20ac<\/p>\n","protected":false},"excerpt":{"rendered":"<p>Abdichtschiene Coupe links<\/p>\n<p>Vergleichbar zu Mercedes Nr. A123 670 09 38<\/p>\n<p>Art.-Nr. 3000013<\/p>\n<p>Preis f\u00fcr Club-Mitglieder: 40,00 \u20ac<\/p>\n","protected":false},"featured_media":2454,"template":"","meta":{"rank_math_lock_modified_date":false,"iawp_total_views":8},"product_cat":[174,215],"product_tag":[185],"class_list":{"0":"post-2453","1":"product","2":"type-product","3":"status-publish","6":"product_cat-c123","7":"product_cat-restbestand","8":"product_tag-abdichtschiene","10":"first","11":"instock","12":"taxable","13":"shipping-taxable","14":"purchasable","15":"product-type-simple"},"_links":{"self":[{"href":"https:\/\/w123-club-service.de\/w123\/wp-json\/wp\/v2\/product\/2453","targetHints":{"allow":["GET"]}}],"collection":[{"href":"https:\/\/w123-club-service.de\/w123\/wp-json\/wp\/v2\/product"}],"about":[{"href":"https:\/\/w123-club-service.de\/w123\/wp-json\/wp\/v2\/types\/product"}],"wp:featuredmedia":[{"embeddable":true,"href":"https:\/\/w123-club-service.de\/w123\/wp-json\/wp\/v2\/media\/2454"}],"wp:attachment":[{"href":"https:\/\/w123-club-service.de\/w123\/wp-json\/wp\/v2\/media?parent=2453"}],"wp:term":[{"taxonomy":"product_cat","embeddable":true,"href":"https:\/\/w123-club-service.de\/w123\/wp-json\/wp\/v2\/product_cat?post=2453"},{"taxonomy":"product_tag","embeddable":true,"href":"https:\/\/w123-club-service.de\/w123\/wp-json\/wp\/v2\/product_tag?post=2453"}],"curies":[{"name":"wp","href":"https:\/\/api.w.org\/{rel}","templated":true}]}}